{"id":1458,"date":"2024-05-28T17:58:32","date_gmt":"2024-05-28T15:58:32","guid":{"rendered":"https:\/\/jk-digitals.de\/bikerranch\/?page_id=1458"},"modified":"2024-10-18T10:46:15","modified_gmt":"2024-10-18T08:46:15","slug":"ueber-uns","status":"publish","type":"page","link":"https:\/\/biker-ranch-eifel.de\/index.php\/ueber-uns\/","title":{"rendered":"\u00dcber Uns"},"content":{"rendered":"\t\t<div data-elementor-type=\"wp-page\" data-elementor-id=\"1458\" class=\"elementor elementor-1458\" data-elementor-post-type=\"page\">\n\t\t\t\t<div class=\"elementor-element elementor-element-34edb0b e-flex e-con-boxed wpr-particle-no wpr-jarallax-no wpr-parallax-no wpr-sticky-section-no wpr-equal-height-no e-con e-parent\" data-id=\"34edb0b\" data-element_type=\"container\" data-e-type=\"container\" data-settings=\"{&quot;shape_divider_bottom&quot;:&quot;tilt&quot;}\">\n\t\t\t\t\t<div class=\"e-con-inner\">\n\t\t\t\t<div class=\"elementor-shape elementor-shape-bottom\" aria-hidden=\"true\" data-negative=\"false\">\n\t\t\t<svg xmlns=\"http:\/\/www.w3.org\/2000\/svg\" viewBox=\"0 0 1000 100\" preserveAspectRatio=\"none\">\n\t<path class=\"elementor-shape-fill\" d=\"M0,6V0h1000v100L0,6z\"\/>\n<\/svg>\t\t<\/div>\n\t\t<div class=\"elementor-element elementor-element-bb76bc4 e-con-full e-flex wpr-particle-no wpr-jarallax-no wpr-parallax-no wpr-sticky-section-no wpr-equal-height-no e-con e-child\" data-id=\"bb76bc4\" data-element_type=\"container\" data-e-type=\"container\">\n\t\t\t\t<div class=\"elementor-element elementor-element-ad6cf01 elementor-flip-box--direction-right elementor-flip-box--3d elementor-flip-box--effect-flip elementor-widget elementor-widget-flip-box\" data-id=\"ad6cf01\" data-element_type=\"widget\" data-e-type=\"widget\" data-widget_type=\"flip-box.default\">\n\t\t\t\t<div class=\"elementor-widget-container\">\n\t\t\t\t\t\t\t<div class=\"elementor-flip-box\" tabindex=\"0\">\n\t\t\t<div class=\"elementor-flip-box__layer elementor-flip-box__front\">\n\t\t\t\t<div class=\"elementor-flip-box__layer__overlay\">\n\t\t\t\t\t<div class=\"elementor-flip-box__layer__inner\">\n\t\t\t\t\t\t\t\t\t\t\t\t\t<div class=\"elementor-icon-wrapper elementor-view-stacked elementor-shape-square\">\n\t\t\t\t\t\t\t\t<div class=\"elementor-icon\">\n\t\t\t\t\t\t\t\t\t<svg class=\"e-font-icon-svg e-fas-address-card\" viewBox=\"0 0 576 512\" xmlns=\"http:\/\/www.w3.org\/2000\/svg\"><path d=\"M528 32H48C21.5 32 0 53.5 0 80v352c0 26.5 21.5 48 48 48h480c26.5 0 48-21.5 48-48V80c0-26.5-21.5-48-48-48zm-352 96c35.3 0 64 28.7 64 64s-28.7 64-64 64-64-28.7-64-64 28.7-64 64-64zm112 236.8c0 10.6-10 19.2-22.4 19.2H86.4C74 384 64 375.4 64 364.8v-19.2c0-31.8 30.1-57.6 67.2-57.6h5c12.3 5.1 25.7 8 39.8 8s27.6-2.9 39.8-8h5c37.1 0 67.2 25.8 67.2 57.6v19.2zM512 312c0 4.4-3.6 8-8 8H360c-4.4 0-8-3.6-8-8v-16c0-4.4 3.6-8 8-8h144c4.4 0 8 3.6 8 8v16zm0-64c0 4.4-3.6 8-8 8H360c-4.4 0-8-3.6-8-8v-16c0-4.4 3.6-8 8-8h144c4.4 0 8 3.6 8 8v16zm0-64c0 4.4-3.6 8-8 8H360c-4.4 0-8-3.6-8-8v-16c0-4.4 3.6-8 8-8h144c4.4 0 8 3.6 8 8v16z\"><\/path><\/svg>\t\t\t\t\t\t\t\t<\/div>\n\t\t\t\t\t\t\t<\/div>\n\t\t\t\t\t\t\n\t\t\t\t\t\t\t\t\t\t\t\t\t<h3 class=\"elementor-flip-box__layer__title\">\n\t\t\t\t\t\t\t\tKontakt\t\t\t\t\t\t\t<\/h3>\n\t\t\t\t\t\t\n\t\t\t\t\t\t\t\t\t\t\t<\/div>\n\t\t\t\t<\/div>\n\t\t\t<\/div>\n\t\t\t<div class=\"elementor-flip-box__layer elementor-flip-box__back\">\n\t\t\t<div class=\"elementor-flip-box__layer__overlay\">\n\t\t\t\t<div class=\"elementor-flip-box__layer__inner\">\n\t\t\t\t\t\t\t\t\t\t\t<h3 class=\"elementor-flip-box__layer__title\">\n\t\t\t\t\t\t\tKontakt\t\t\t\t\t\t<\/h3>\n\t\t\t\t\t\n\t\t\t\t\t\t\t\t\t\t\t<div class=\"elementor-flip-box__layer__description\">\n\t\t\t\t\t\t\tDu hast Fragen, Anregungen oder eine Idee wie wir uns verbessern k\u00f6nnen? Dann bist du hier genau richtig!\t\t\t\t\t\t<\/div>\n\t\t\t\t\t\n\t\t\t\t\t\t\t\t\t\t\t<a class=\"elementor-flip-box__button elementor-button elementor-size-lg\" href=\"https:\/\/jk-digitals.de\/other_html\/biker-ranch-eifel.de\/\/index.php\/kontakt\/\">\n\t\t\t\t\t\t\tZur Seite\t\t\t\t\t\t<\/a>\n\t\t\t\t\t\t\t\t<\/div>\n\t\t<\/div>\n\t\t<\/div>\n\t\t<\/div>\n\t\t\t\t\t\t<\/div>\n\t\t\t\t<\/div>\n\t\t\t\t<\/div>\n\t\t<div class=\"elementor-element elementor-element-a88e71b e-con-full e-flex wpr-particle-no wpr-jarallax-no wpr-parallax-no wpr-sticky-section-no wpr-equal-height-no e-con e-child\" data-id=\"a88e71b\" data-element_type=\"container\" data-e-type=\"container\">\n\t\t\t\t<div class=\"elementor-element elementor-element-ee0ce39 elementor-flip-box--direction-right elementor-flip-box--3d elementor-flip-box--effect-flip elementor-widget elementor-widget-flip-box\" data-id=\"ee0ce39\" data-element_type=\"widget\" data-e-type=\"widget\" data-widget_type=\"flip-box.default\">\n\t\t\t\t<div class=\"elementor-widget-container\">\n\t\t\t\t\t\t\t<div class=\"elementor-flip-box\" tabindex=\"0\">\n\t\t\t<div class=\"elementor-flip-box__layer elementor-flip-box__front\">\n\t\t\t\t<div class=\"elementor-flip-box__layer__overlay\">\n\t\t\t\t\t<div class=\"elementor-flip-box__layer__inner\">\n\t\t\t\t\t\t\t\t\t\t\t\t\t<div class=\"elementor-icon-wrapper elementor-view-stacked elementor-shape-circle\">\n\t\t\t\t\t\t\t\t<div class=\"elementor-icon\">\n\t\t\t\t\t\t\t\t\t<svg class=\"e-font-icon-svg e-fas-newspaper\" viewBox=\"0 0 576 512\" xmlns=\"http:\/\/www.w3.org\/2000\/svg\"><path d=\"M552 64H88c-13.255 0-24 10.745-24 24v8H24c-13.255 0-24 10.745-24 24v272c0 30.928 25.072 56 56 56h472c26.51 0 48-21.49 48-48V88c0-13.255-10.745-24-24-24zM56 400a8 8 0 0 1-8-8V144h16v248a8 8 0 0 1-8 8zm236-16H140c-6.627 0-12-5.373-12-12v-8c0-6.627 5.373-12 12-12h152c6.627 0 12 5.373 12 12v8c0 6.627-5.373 12-12 12zm208 0H348c-6.627 0-12-5.373-12-12v-8c0-6.627 5.373-12 12-12h152c6.627 0 12 5.373 12 12v8c0 6.627-5.373 12-12 12zm-208-96H140c-6.627 0-12-5.373-12-12v-8c0-6.627 5.373-12 12-12h152c6.627 0 12 5.373 12 12v8c0 6.627-5.373 12-12 12zm208 0H348c-6.627 0-12-5.373-12-12v-8c0-6.627 5.373-12 12-12h152c6.627 0 12 5.373 12 12v8c0 6.627-5.373 12-12 12zm0-96H140c-6.627 0-12-5.373-12-12v-40c0-6.627 5.373-12 12-12h360c6.627 0 12 5.373 12 12v40c0 6.627-5.373 12-12 12z\"><\/path><\/svg>\t\t\t\t\t\t\t\t<\/div>\n\t\t\t\t\t\t\t<\/div>\n\t\t\t\t\t\t\n\t\t\t\t\t\t\t\t\t\t\t\t\t<h3 class=\"elementor-flip-box__layer__title\">\n\t\t\t\t\t\t\t\tAktuelles\t\t\t\t\t\t\t<\/h3>\n\t\t\t\t\t\t\n\t\t\t\t\t\t\t\t\t\t\t<\/div>\n\t\t\t\t<\/div>\n\t\t\t<\/div>\n\t\t\t<div class=\"elementor-flip-box__layer elementor-flip-box__back\">\n\t\t\t<div class=\"elementor-flip-box__layer__overlay\">\n\t\t\t\t<div class=\"elementor-flip-box__layer__inner\">\n\t\t\t\t\t\t\t\t\t\t\t<h3 class=\"elementor-flip-box__layer__title\">\n\t\t\t\t\t\t\tAktuelles\t\t\t\t\t\t<\/h3>\n\t\t\t\t\t\n\t\t\t\t\t\t\t\t\t\t\t<div class=\"elementor-flip-box__layer__description\">\n\t\t\t\t\t\t\tHier findest du alle aktuellen Neuigkeiten und \u00c4nderungen rund um die Biker Ranch und alle dazugeh\u00f6rigen Events.\t\t\t\t\t\t<\/div>\n\t\t\t\t\t\n\t\t\t\t\t\t\t\t\t\t\t<a class=\"elementor-flip-box__button elementor-button elementor-size-lg\" href=\"https:\/\/jk-digitals.de\/other_html\/biker-ranch-eifel.de\/\/index.php\/aktuelles\/\">\n\t\t\t\t\t\t\tZur Seite\t\t\t\t\t\t<\/a>\n\t\t\t\t\t\t\t\t<\/div>\n\t\t<\/div>\n\t\t<\/div>\n\t\t<\/div>\n\t\t\t\t\t\t<\/div>\n\t\t\t\t<\/div>\n\t\t\t\t<\/div>\n\t\t<div class=\"elementor-element elementor-element-717268d e-con-full e-flex wpr-particle-no wpr-jarallax-no wpr-parallax-no wpr-sticky-section-no wpr-equal-height-no e-con e-child\" data-id=\"717268d\" data-element_type=\"container\" data-e-type=\"container\">\n\t\t\t\t<div class=\"elementor-element elementor-element-8f0ad21 elementor-flip-box--direction-right elementor-flip-box--3d elementor-flip-box--effect-flip elementor-widget elementor-widget-flip-box\" data-id=\"8f0ad21\" data-element_type=\"widget\" data-e-type=\"widget\" data-widget_type=\"flip-box.default\">\n\t\t\t\t<div class=\"elementor-widget-container\">\n\t\t\t\t\t\t\t<div class=\"elementor-flip-box\" tabindex=\"0\">\n\t\t\t<div class=\"elementor-flip-box__layer elementor-flip-box__front\">\n\t\t\t\t<div class=\"elementor-flip-box__layer__overlay\">\n\t\t\t\t\t<div class=\"elementor-flip-box__layer__inner\">\n\t\t\t\t\t\t\t\t\t\t\t\t\t<div class=\"elementor-icon-wrapper elementor-view-stacked elementor-shape-circle\">\n\t\t\t\t\t\t\t\t<div class=\"elementor-icon\">\n\t\t\t\t\t\t\t\t\t<svg class=\"e-font-icon-svg e-fas-briefcase\" viewBox=\"0 0 512 512\" xmlns=\"http:\/\/www.w3.org\/2000\/svg\"><path d=\"M320 336c0 8.84-7.16 16-16 16h-96c-8.84 0-16-7.16-16-16v-48H0v144c0 25.6 22.4 48 48 48h416c25.6 0 48-22.4 48-48V288H320v48zm144-208h-80V80c0-25.6-22.4-48-48-48H176c-25.6 0-48 22.4-48 48v48H48c-25.6 0-48 22.4-48 48v80h512v-80c0-25.6-22.4-48-48-48zm-144 0H192V96h128v32z\"><\/path><\/svg>\t\t\t\t\t\t\t\t<\/div>\n\t\t\t\t\t\t\t<\/div>\n\t\t\t\t\t\t\n\t\t\t\t\t\t\t\t\t\t\t\t\t<h3 class=\"elementor-flip-box__layer__title\">\n\t\t\t\t\t\t\t\tJobs\t\t\t\t\t\t\t<\/h3>\n\t\t\t\t\t\t\n\t\t\t\t\t\t\t\t\t\t\t<\/div>\n\t\t\t\t<\/div>\n\t\t\t<\/div>\n\t\t\t<div class=\"elementor-flip-box__layer elementor-flip-box__back\">\n\t\t\t<div class=\"elementor-flip-box__layer__overlay\">\n\t\t\t\t<div class=\"elementor-flip-box__layer__inner\">\n\t\t\t\t\t\t\t\t\t\t\t<h3 class=\"elementor-flip-box__layer__title\">\n\t\t\t\t\t\t\tJobs\t\t\t\t\t\t<\/h3>\n\t\t\t\t\t\n\t\t\t\t\t\t\t\t\t\t\t<div class=\"elementor-flip-box__layer__description\">\n\t\t\t\t\t\t\tWillkommen am Start deiner Karriere bei uns! Hier findest du alles was du wissen musst um dich zu bewerben.\t\t\t\t\t\t<\/div>\n\t\t\t\t\t\n\t\t\t\t\t\t\t\t\t\t\t<a class=\"elementor-flip-box__button elementor-button elementor-size-lg\" href=\"https:\/\/jk-digitals.de\/other_html\/biker-ranch-eifel.de\/\/index.php\/jobs\/\">\n\t\t\t\t\t\t\tZur Seite\t\t\t\t\t\t<\/a>\n\t\t\t\t\t\t\t\t<\/div>\n\t\t<\/div>\n\t\t<\/div>\n\t\t<\/div>\n\t\t\t\t\t\t<\/div>\n\t\t\t\t<\/div>\n\t\t\t\t<\/div>\n\t\t\t\t\t<\/div>\n\t\t\t\t<\/div>\n\t\t<div class=\"elementor-element elementor-element-c87db44 e-flex e-con-boxed wpr-particle-no wpr-jarallax-no wpr-parallax-no wpr-sticky-section-no wpr-equal-height-no e-con e-parent\" data-id=\"c87db44\" data-element_type=\"container\" data-e-type=\"container\" data-settings=\"{&quot;background_background&quot;:&quot;classic&quot;}\">\n\t\t\t\t\t<div class=\"e-con-inner\">\n\t\t\t\t<div class=\"elementor-element elementor-element-2fdab60 elementor-widget elementor-widget-heading\" data-id=\"2fdab60\" data-element_type=\"widget\" data-e-type=\"widget\" data-widget_type=\"heading.default\">\n\t\t\t\t<div class=\"elementor-widget-container\">\n\t\t\t\t\t<h2 class=\"elementor-heading-title elementor-size-default\">\u00dcber uns<\/h2>\t\t\t\t<\/div>\n\t\t\t\t<\/div>\n\t\t\t\t<div class=\"elementor-element elementor-element-fee11b8 elementor-widget elementor-widget-text-editor\" data-id=\"fee11b8\" data-element_type=\"widget\" data-e-type=\"widget\" data-widget_type=\"text-editor.default\">\n\t\t\t\t<div class=\"elementor-widget-container\">\n\t\t\t\t\t\t\t\t\t<p class=\"contentpane\">Am 08 Mai 2000 war es soweit, Unsere Biker Ranch, Unser Holzhaus, \u00f6ffnete ihre Tore.<\/p><p class=\"contentpane\">Inhaber &amp; jetziger Betreiber: Udo K\u00f6rfer;\u00a0 bis 2016 wurde die Ranch von Silvia K\u00f6rfer geleitet.<\/p><p>Nebenan der Motorradbekleidungsladen (besteht seit 1989) geh\u00f6rt dazu und wurde 1994 in der Eifel\u00a0er\u00f6ffnet.<\/p><p>Seit der Er\u00f6ffnung entwickelte\u00a0die Biker Ranch\u00a0sich zu einem beliebten Biker-Treff f\u00fcr die ganze Euregio.<\/p><p class=\"contentpane\">Es werden G\u00e4ste begr\u00fc\u00dft aus Deutschland, Holland, Belgien, Frankreich, England, auch anderweit her und es ist einfach herrlich zu erfahren, dass Menschen egal welcher Herkunft hier miteinander harmonisch miteinander zurecht kommen.<\/p><p>Man muss nicht mit dem Motorrad unterwegs sein, um in der Ranch einzukehren, es ist aber keine Frage, die Biker haben bei trockenem Wetter die Ranch meist f\u00fcr sich erobert. An sonnigen Tagen ist eine Reservierung immer von Vorteil, m\u00f6chte man &#8222;mit Ruhe&#8220; den Service der Ranch erfahren.<\/p><p>Der Fuhrpark, der sich an sonnigen Tagen vor und neben dem Holzhaus einfindet, ist beeindruckend und sch\u00f6n.<\/p><p>Es ist auch m\u00f6glich mit dem Wohnmobil anzureisen und auf unserem Parkplatz zu stehen. M\u00f6chte man dies in Anspruch nehmen, ist eine kurze Mitteilung an uns w\u00fcnschenswert.<\/p><p>2011 ist unser Wintergarten an die Ranch gebaut worden und damit verbunden wurde der Parkplatz neben der Ranch erfolgreich erweitert.<\/p><p class=\"contentpane\">Die ver\u00e4nderte Sonnenterasse der Ranch erm\u00f6glicht nun die Sonne bis in den Abend noch besser zu genie\u00dfen.<\/p><p>Unsere Holzh\u00fctten k\u00f6nnen das ganze Jahr \u00fcber genutzt werden. Im Winter besteht die M\u00f6glichkeit von einem Heizstrahler gew\u00e4rmt zu werden, zus\u00e4tzlich stehen Decken zur Verf\u00fcgung.<\/p><p>Beginnt der ungem\u00fctliche Teil der Jahreszeit, empfangen wir unsere G\u00e4ste mit einem Kaminfeuer und versuchen es im Haus um so gem\u00fctlicher zu machen. In dieser Zeit sind Tischreservierungen ratsam, da nur 80 Pl\u00e4tze innen zu vergeben sind und viele Gesellschaften sich unser Haus gerne komplett mieten.<\/p><p>Unter dem Motto: &#8222;Feste feiern wie sie fallen&#8220; gestalten wir auch gerne Ihr Fest.<\/p><p>Ob: Weihnachtsfeier, Geburtstagsfeier, Hochzeit, Kommunion, Jubil\u00e4umsfeier, Sylvester, &#8230;<\/p><p class=\"contentpane\">gleich welchem Anlass, kann man unseren Service gerne in Anspruch nehmen und sein eigenes Fest in unserem Haus mit Ruhe genie\u00dfen.<\/p><p>Es ist m\u00f6glich das Haus, die\u00a0Ranch komplett f\u00fcr sein Fest zu mieten oder in einem kleinen Rahmen seine Feier gut organisiert zu genie\u00dfen.<\/p><p>Dies alles k\u00f6nnen Sie gerne genauer definiert unter &#8220; Biker Ranch buchen&#8220; nachlesen.<\/p><p>Nun freuen wir uns auf\u00a0Ihren Besuch und hei\u00dfen\u00a0Sie herzlich willkommen.<\/p><p>Udo &amp; Silvia K\u00f6rfer<\/p>\t\t\t\t\t\t\t\t<\/div>\n\t\t\t\t<\/div>\n\t\t\t\t\t<\/div>\n\t\t\t\t<\/div>\n\t\t\t\t<\/div>\n\t\t","protected":false},"excerpt":{"rendered":"<p>Kontakt Kontakt Du hast Fragen, Anregungen oder eine Idee wie wir uns verbessern k\u00f6nnen? Dann bist du hier genau richtig! Zur Seite Aktuelles Aktuelles Hier findest du alle aktuellen Neuigkeiten und \u00c4nderungen rund um die Biker Ranch und alle dazugeh\u00f6rigen Events. Zur Seite Jobs Jobs Willkommen am Start deiner Karriere bei uns! Hier findest du alles was du wissen musst um dich zu bewerben. Zur Seite \u00dcber uns Am 08 Mai 2000 war es soweit, Unsere Biker Ranch, Unser Holzhaus, \u00f6ffnete ihre Tore. Inhaber &amp; jetziger Betreiber: Udo K\u00f6rfer;\u00a0 bis 2016 wurde die Ranch von Silvia K\u00f6rfer geleitet. Nebenan der Motorradbekleidungsladen (besteht seit 1989) geh\u00f6rt dazu und wurde 1994 in der Eifel\u00a0er\u00f6ffnet. Seit der Er\u00f6ffnung entwickelte\u00a0die Biker Ranch\u00a0sich zu einem beliebten Biker-Treff f\u00fcr die ganze Euregio. Es werden G\u00e4ste begr\u00fc\u00dft aus Deutschland, Holland, Belgien, Frankreich, England, auch anderweit her und es ist einfach herrlich zu erfahren, dass Menschen egal welcher Herkunft hier miteinander harmonisch miteinander zurecht kommen. Man muss nicht mit dem Motorrad unterwegs sein, um in der Ranch einzukehren, es ist aber keine Frage, die Biker haben bei trockenem Wetter die Ranch meist f\u00fcr sich erobert. An sonnigen Tagen ist eine Reservierung immer von Vorteil, m\u00f6chte man &#8222;mit Ruhe&#8220; den Service der Ranch erfahren. Der Fuhrpark, der sich an sonnigen Tagen vor und neben dem Holzhaus einfindet, ist beeindruckend und sch\u00f6n. Es ist auch m\u00f6glich mit dem Wohnmobil anzureisen und auf unserem Parkplatz zu stehen. M\u00f6chte man dies in Anspruch nehmen, ist eine kurze Mitteilung an uns w\u00fcnschenswert. 2011 ist unser Wintergarten an die Ranch gebaut worden und damit verbunden wurde der Parkplatz neben der Ranch erfolgreich erweitert. Die ver\u00e4nderte Sonnenterasse der Ranch erm\u00f6glicht nun die Sonne bis in den Abend noch besser zu genie\u00dfen. Unsere Holzh\u00fctten k\u00f6nnen das ganze Jahr \u00fcber genutzt werden. Im Winter besteht die M\u00f6glichkeit von einem Heizstrahler gew\u00e4rmt zu werden, zus\u00e4tzlich stehen Decken zur Verf\u00fcgung. Beginnt der ungem\u00fctliche Teil der Jahreszeit, empfangen wir unsere G\u00e4ste mit einem Kaminfeuer und versuchen es im Haus um so gem\u00fctlicher zu machen. In dieser Zeit sind Tischreservierungen ratsam, da nur 80 Pl\u00e4tze innen zu vergeben sind und viele Gesellschaften sich unser Haus gerne komplett mieten. Unter dem Motto: &#8222;Feste feiern wie sie fallen&#8220; gestalten wir auch gerne Ihr Fest. Ob: Weihnachtsfeier, Geburtstagsfeier, Hochzeit, Kommunion, Jubil\u00e4umsfeier, Sylvester, &#8230; gleich welchem Anlass, kann man unseren Service gerne in Anspruch nehmen und sein eigenes Fest in unserem Haus mit Ruhe genie\u00dfen. Es ist m\u00f6glich das Haus, die\u00a0Ranch komplett f\u00fcr sein Fest zu mieten oder in einem kleinen Rahmen seine Feier gut organisiert zu genie\u00dfen. Dies alles k\u00f6nnen Sie gerne genauer definiert unter &#8220; Biker Ranch buchen&#8220; nachlesen. Nun freuen wir uns auf\u00a0Ihren Besuch und hei\u00dfen\u00a0Sie herzlich willkommen. Udo &amp; Silvia K\u00f6rfer<\/p>\n","protected":false},"author":1,"featured_media":0,"parent":0,"menu_order":0,"comment_status":"closed","ping_status":"closed","template":"elementor_header_footer","meta":{"advanced_seo_description":"","jetpack_seo_html_title":"","jetpack_seo_noindex":false,"footnotes":""},"class_list":["post-1458","page","type-page","status-publish","hentry"],"jetpack_sharing_enabled":true,"_links":{"self":[{"href":"https:\/\/biker-ranch-eifel.de\/index.php\/wp-json\/wp\/v2\/pages\/1458","targetHints":{"allow":["GET"]}}],"collection":[{"href":"https:\/\/biker-ranch-eifel.de\/index.php\/wp-json\/wp\/v2\/pages"}],"about":[{"href":"https:\/\/biker-ranch-eifel.de\/index.php\/wp-json\/wp\/v2\/types\/page"}],"author":[{"embeddable":true,"href":"https:\/\/biker-ranch-eifel.de\/index.php\/wp-json\/wp\/v2\/users\/1"}],"replies":[{"embeddable":true,"href":"https:\/\/biker-ranch-eifel.de\/index.php\/wp-json\/wp\/v2\/comments?post=1458"}],"version-history":[{"count":85,"href":"https:\/\/biker-ranch-eifel.de\/index.php\/wp-json\/wp\/v2\/pages\/1458\/revisions"}],"predecessor-version":[{"id":2712,"href":"https:\/\/biker-ranch-eifel.de\/index.php\/wp-json\/wp\/v2\/pages\/1458\/revisions\/2712"}],"wp:attachment":[{"href":"https:\/\/biker-ranch-eifel.de\/index.php\/wp-json\/wp\/v2\/media?parent=1458"}],"curies":[{"name":"wp","href":"https:\/\/api.w.org\/{rel}","templated":true}]}}